{"id":597,"date":"2021-09-01T14:35:33","date_gmt":"2021-09-01T12:35:33","guid":{"rendered":"http:\/\/www2.flautomagicocermenate.it\/?page_id=597"},"modified":"2021-09-07T15:34:53","modified_gmt":"2021-09-07T13:34:53","slug":"canto-moderno","status":"publish","type":"page","link":"https:\/\/www.flautomagicocermenate.it\/?page_id=597","title":{"rendered":"Canto moderno"},"content":{"rendered":"\n<div class=\"wp-block-columns is-layout-flex wp-container-core-columns-is-layout-9d6595d7 wp-block-columns-is-layout-flex\">\n<div class=\"wp-block-column is-layout-flow wp-block-column-is-layout-flow\" style=\"flex-basis:33.33%\">\n<figure class=\"wp-block-image size-large\"><img loading=\"lazy\" decoding=\"async\" width=\"1024\" height=\"495\" src=\"http:\/\/www2.flautomagicocermenate.it\/wp-content\/uploads\/2021\/06\/esercizi-canto-1024x495.jpg\" alt=\"\" class=\"wp-image-367\" srcset=\"https:\/\/www.flautomagicocermenate.it\/wp-content\/uploads\/2021\/06\/esercizi-canto-1024x495.jpg 1024w, https:\/\/www.flautomagicocermenate.it\/wp-content\/uploads\/2021\/06\/esercizi-canto-300x145.jpg 300w, https:\/\/www.flautomagicocermenate.it\/wp-content\/uploads\/2021\/06\/esercizi-canto-768x371.jpg 768w, https:\/\/www.flautomagicocermenate.it\/wp-content\/uploads\/2021\/06\/esercizi-canto-1536x742.jpg 1536w, https:\/\/www.flautomagicocermenate.it\/wp-content\/uploads\/2021\/06\/esercizi-canto-2048x989.jpg 2048w\" sizes=\"auto, (max-width: 1024px) 100vw, 1024px\" \/><\/figure>\n<\/div>\n\n\n\n<div class=\"wp-block-column is-layout-flow wp-block-column-is-layout-flow\" style=\"flex-basis:66.66%\">\n<h3 class=\"wp-block-heading\"><strong><span style=\"color:#303192\" class=\"has-inline-color\">Canto moderno<\/span><\/strong><\/h3>\n\n\n\n<p>Mi chiamo Lara Molteni, sono un&#8217;insegnante di canto e una cantante. Attraverso la mia professione vorrei trasmetterti tutto il mio amore per la Musica e aiutarti a conoscere sempre di pi\u00f9 uno strumento complesso, affascinante e potentissimo che hai a tua disposizione: la Voce.<\/p>\n<\/div>\n<\/div>\n\n\n\n<p>Ti insegner\u00f2 ad accoglierla e a farle spazio nel tuo Essere, secondo i tuoi tempi e i tuoi bisogni. Trover\u00f2 tanti modi per accompagnarti in questo viaggio di scoperta che \u00e8 fatto di tanti mondi che collaborano, tutti importanti allo stesso modo. Cantare nasce dal dialogo continuo di questi mondi e per me \u00e8 una delle forme comunicative pi\u00f9 interessanti che esista, perch\u00e9 \u00e8 senza tempo ed \u00e8 per tutti gli esseri umani.<\/p>\n\n\n\n<p>Ti aspetto e che sia un meraviglioso viaggio.<\/p>\n\n\n\n<p><\/p>\n\n\n\n<figure class=\"wp-block-table is-style-stripes\"><table><tbody><tr><td>\ufeff<\/td><td><strong>CANTO MODERNO<\/strong><\/td><\/tr><tr><td><strong>DESTINATARI<\/strong><\/td><td>A partire dagli 11 anni<\/td><\/tr><tr><td><strong>TIPOLOGIA<\/strong><\/td><td>Lezioni individuali di 30 &#8211; 45 &#8211; 60 minuti in base all&#8217;et\u00e0 e al livello<\/td><\/tr><tr><td><strong>DOCENTI<\/strong><\/td><td>LARA MOLTENI<\/td><\/tr><\/tbody><\/table><\/figure>\n","protected":false},"excerpt":{"rendered":"<p>Canto moderno Mi chiamo Lara Molteni, sono un&#8217;insegnante di canto e una cantante. Attraverso la mia professione vorrei trasmetterti tutto il mio amore per la Musica e aiutarti a conoscere &#8230;<\/p>\n","protected":false},"author":1,"featured_media":0,"parent":0,"menu_order":0,"comment_status":"closed","ping_status":"closed","template":"","meta":{"footnotes":""},"class_list":["post-597","page","type-page","status-publish","hentry"],"_links":{"self":[{"href":"https:\/\/www.flautomagicocermenate.it\/index.php?rest_route=\/wp\/v2\/pages\/597","targetHints":{"allow":["GET"]}}],"collection":[{"href":"https:\/\/www.flautomagicocermenate.it\/index.php?rest_route=\/wp\/v2\/pages"}],"about":[{"href":"https:\/\/www.flautomagicocermenate.it\/index.php?rest_route=\/wp\/v2\/types\/page"}],"author":[{"embeddable":true,"href":"https:\/\/www.flautomagicocermenate.it\/index.php?rest_route=\/wp\/v2\/users\/1"}],"replies":[{"embeddable":true,"href":"https:\/\/www.flautomagicocermenate.it\/index.php?rest_route=%2Fwp%2Fv2%2Fcomments&post=597"}],"version-history":[{"count":8,"href":"https:\/\/www.flautomagicocermenate.it\/index.php?rest_route=\/wp\/v2\/pages\/597\/revisions"}],"predecessor-version":[{"id":854,"href":"https:\/\/www.flautomagicocermenate.it\/index.php?rest_route=\/wp\/v2\/pages\/597\/revisions\/854"}],"wp:attachment":[{"href":"https:\/\/www.flautomagicocermenate.it\/index.php?rest_route=%2Fwp%2Fv2%2Fmedia&parent=597"}],"curies":[{"name":"wp","href":"https:\/\/api.w.org\/{rel}","templated":true}]}}