{"id":499,"date":"2021-08-23T10:46:28","date_gmt":"2021-08-23T08:46:28","guid":{"rendered":"http:\/\/www2.flautomagicocermenate.it\/?page_id=499"},"modified":"2021-09-07T15:33:12","modified_gmt":"2021-09-07T13:33:12","slug":"batteria","status":"publish","type":"page","link":"https:\/\/www.flautomagicocermenate.it\/?page_id=499","title":{"rendered":"Batteria"},"content":{"rendered":"\n<div class=\"wp-block-columns is-layout-flex wp-container-core-columns-is-layout-9d6595d7 wp-block-columns-is-layout-flex\">\n<div class=\"wp-block-column is-layout-flow wp-block-column-is-layout-flow\" style=\"flex-basis:33.33%\">\n<figure class=\"wp-block-image size-large\"><img loading=\"lazy\" decoding=\"async\" width=\"1024\" height=\"768\" src=\"http:\/\/www2.flautomagicocermenate.it\/wp-content\/uploads\/2021\/08\/batteria1.jpg\" alt=\"\" class=\"wp-image-565\" srcset=\"https:\/\/www.flautomagicocermenate.it\/wp-content\/uploads\/2021\/08\/batteria1.jpg 1024w, https:\/\/www.flautomagicocermenate.it\/wp-content\/uploads\/2021\/08\/batteria1-300x225.jpg 300w, https:\/\/www.flautomagicocermenate.it\/wp-content\/uploads\/2021\/08\/batteria1-768x576.jpg 768w\" sizes=\"auto, (max-width: 1024px) 100vw, 1024px\" \/><\/figure>\n<\/div>\n\n\n\n<div class=\"wp-block-column is-layout-flow wp-block-column-is-layout-flow\" style=\"flex-basis:66.66%\">\n<h3 class=\"wp-block-heading\"><strong><span style=\"color:#303192\" class=\"has-inline-color\">Batteria<\/span><\/strong><\/h3>\n\n\n\n<p>Lo strumento moderno pi\u00f9 antico di tutti d\u00e0 l&#8217;impressione di essere il pi\u00f9 facile da suonare. All&#8217;inizio \u00e8 effettivamente cos\u00ec: una volta impugnate le bacchette, si tratta semplicemente di colpire tutto quello che si ha davanti! L&#8217;immediatezza del primo approccio nasconde per\u00f2 un universo di tecniche, stili e studio mirato che cambia completamente il modo di percepire e vivere la musica.<\/p>\n<\/div>\n<\/div>\n\n\n\n<p>Durante il corso si approfondiscono tutti gli aspetti del drumming, con particolare attenzione alla tecnica delle mani e dei piedi, alla teoria musicale e alla lettura, alla coordinazione e interdipendenza degli arti, all&#8217;approccio stilistico e al feeling, alla costruzione del proprio suono e fraseggio.<\/p>\n\n\n\n<p>Inoltre \u00e8 possibile intraprendere un percorso per preparare gli esami dei gradi LCM (London College Of Music).<\/p>\n\n\n\n<p>Il corso \u00e8 rivolto ad allievi dai 7 anni in su (ricorda: non \u00e8 mai troppo tardi!), da principianti ad avanzati. Il programma didattico, pur rispettando i punti chiave sopra elencati, viene costruito attorno alle esigenze dell&#8217;allievo stesso e ne segue la crescita e i cambiamenti per poter essere sempre fonte di apprendimento e di divertimento.<\/p>\n\n\n\n<p><\/p>\n\n\n\n<figure class=\"wp-block-table is-style-stripes\"><table><tbody><tr><td><\/td><td><strong>BATTERIA<\/strong><\/td><\/tr><tr><td><strong>DESTINATARI<\/strong><\/td><td>A partire dai 7 anni<\/td><\/tr><tr><td><strong>TIPOLOGIA<\/strong><\/td><td>Lezioni individuali di 30 &#8211; 45 &#8211; 60 minuti in base all&#8217;et\u00e0 e al livello <\/td><\/tr><tr><td><strong>DOCENTI<\/strong><\/td><td>FABIO ZAGO<\/td><\/tr><\/tbody><\/table><\/figure>\n","protected":false},"excerpt":{"rendered":"<p>Batteria Lo strumento moderno pi\u00f9 antico di tutti d\u00e0 l&#8217;impressione di essere il pi\u00f9 facile da suonare. All&#8217;inizio \u00e8 effettivamente cos\u00ec: una volta impugnate le bacchette, si tratta semplicemente di &#8230;<\/p>\n","protected":false},"author":1,"featured_media":0,"parent":0,"menu_order":0,"comment_status":"closed","ping_status":"closed","template":"","meta":{"footnotes":""},"class_list":["post-499","page","type-page","status-publish","hentry"],"_links":{"self":[{"href":"https:\/\/www.flautomagicocermenate.it\/index.php?rest_route=\/wp\/v2\/pages\/499","targetHints":{"allow":["GET"]}}],"collection":[{"href":"https:\/\/www.flautomagicocermenate.it\/index.php?rest_route=\/wp\/v2\/pages"}],"about":[{"href":"https:\/\/www.flautomagicocermenate.it\/index.php?rest_route=\/wp\/v2\/types\/page"}],"author":[{"embeddable":true,"href":"https:\/\/www.flautomagicocermenate.it\/index.php?rest_route=\/wp\/v2\/users\/1"}],"replies":[{"embeddable":true,"href":"https:\/\/www.flautomagicocermenate.it\/index.php?rest_route=%2Fwp%2Fv2%2Fcomments&post=499"}],"version-history":[{"count":14,"href":"https:\/\/www.flautomagicocermenate.it\/index.php?rest_route=\/wp\/v2\/pages\/499\/revisions"}],"predecessor-version":[{"id":853,"href":"https:\/\/www.flautomagicocermenate.it\/index.php?rest_route=\/wp\/v2\/pages\/499\/revisions\/853"}],"wp:attachment":[{"href":"https:\/\/www.flautomagicocermenate.it\/index.php?rest_route=%2Fwp%2Fv2%2Fmedia&parent=499"}],"curies":[{"name":"wp","href":"https:\/\/api.w.org\/{rel}","templated":true}]}}