{"id":478,"date":"2021-08-23T09:54:03","date_gmt":"2021-08-23T07:54:03","guid":{"rendered":"http:\/\/www2.flautomagicocermenate.it\/?page_id=478"},"modified":"2021-09-07T15:35:23","modified_gmt":"2021-09-07T13:35:23","slug":"chitarra-classica","status":"publish","type":"page","link":"https:\/\/www.flautomagicocermenate.it\/?page_id=478","title":{"rendered":"Chitarra classica"},"content":{"rendered":"\n<div class=\"wp-block-columns is-layout-flex wp-container-core-columns-is-layout-9d6595d7 wp-block-columns-is-layout-flex\">\n<div class=\"wp-block-column is-layout-flow wp-block-column-is-layout-flow\" style=\"flex-basis:33.33%\">\n<figure class=\"wp-block-image size-large\"><img loading=\"lazy\" decoding=\"async\" width=\"576\" height=\"1024\" src=\"http:\/\/www2.flautomagicocermenate.it\/wp-content\/uploads\/2021\/08\/classica-576x1024.jpg\" alt=\"\" class=\"wp-image-547\" srcset=\"https:\/\/www.flautomagicocermenate.it\/wp-content\/uploads\/2021\/08\/classica-576x1024.jpg 576w, https:\/\/www.flautomagicocermenate.it\/wp-content\/uploads\/2021\/08\/classica-169x300.jpg 169w, https:\/\/www.flautomagicocermenate.it\/wp-content\/uploads\/2021\/08\/classica.jpg 675w\" sizes=\"auto, (max-width: 576px) 100vw, 576px\" \/><\/figure>\n<\/div>\n\n\n\n<div class=\"wp-block-column is-layout-flow wp-block-column-is-layout-flow\" style=\"flex-basis:66.66%\">\n<h3 class=\"wp-block-heading\"><strong><span style=\"color:#303192\" class=\"has-inline-color\">Chitarra classica<\/span><\/strong><\/h3>\n\n\n\n<p>La chitarra \u00e8 uno strumento molto popolare, tutti la conoscono. <br>La possiamo vedere protagonista in televisione o su YouTube. <br>Molti la suonano o semplicemente la strimpellano, a casa o nelle feste fra amici. Ce ne sono di tanti tipi, forme, colori, elettriche o acustiche.<\/p>\n\n\n\n<p>Pochi sanno tuttavia che fra tutte le chitarre quella \u201cclassica\u201d \u00e8 la pi\u00f9 antica: oltre 5 secoli di storia, dal Cinquecento rinascimentale ai giorni nostri, plasmata dai Maestri liutai che ne hanno modellato la forma, i legni e le sonorit\u00e0. La madre di tutte le chitarre di oggi.<\/p>\n\n\n\n<p>Lo strumento necessario per questo corso deve montare 6 corde di nylon: \u201c3 d\u2019argento e 3 d\u2019oro\u201d come scrisse il poeta Garcia Lorca, per distinguere le 3 corde lisce di nylon dal suono pi\u00f9 acuto da quelle ricoperte di metallo dal suono pi\u00f9 basso.<\/p>\n\n\n\n<p>Ci\u00f2 che caratterizza la chitarra classica \u00e8 la maniera di produrre il suono. Si pizzicano le corde con le dita della mano destra (anche per i mancini); non \u00e8 necessario il plettro anche se possiamo dire che usiamo 5 plettri naturali: le nostre dita!<\/p>\n<\/div>\n<\/div>\n\n\n\n<p>Durante il corso imparerete ad usare la vostra chitarra attraverso un percorso tecnico graduale che parallelamente vi insegner\u00e0 anche a leggere la musica sul pentagramma.<\/p>\n\n\n\n<p>C\u2019\u00e8 un solo modo per imparare a suonare ed \u00e8: suonare!<\/p>\n\n\n\n<p>Buon divertimento.<\/p>\n\n\n\n<figure class=\"wp-block-table is-style-stripes\"><table><tbody><tr><td><\/td><td><strong>CHITARRA CLASSICA<\/strong><\/td><\/tr><tr><td><strong>DESTINATARI<\/strong><\/td><td>A partire dai 7 anni<\/td><\/tr><tr><td><strong>TIPOLOGIA<\/strong><\/td><td>Lezioni individuali di 30 &#8211; 45 &#8211; 60 minuti in base all&#8217;et\u00e0 e al livello <br>Lezioni in duo di 45 e 60 minuti<\/td><\/tr><tr><td><strong>DOCENTI<\/strong><\/td><td>GUIDO FICHTNER<br>CARLO FERRE\u2019<\/td><\/tr><\/tbody><\/table><\/figure>\n\n\n\n<p><\/p>\n","protected":false},"excerpt":{"rendered":"<p>Chitarra classica La chitarra \u00e8 uno strumento molto popolare, tutti la conoscono. La possiamo vedere protagonista in televisione o su YouTube. Molti la suonano o semplicemente la strimpellano, a casa &#8230;<\/p>\n","protected":false},"author":1,"featured_media":0,"parent":0,"menu_order":0,"comment_status":"closed","ping_status":"closed","template":"","meta":{"footnotes":""},"class_list":["post-478","page","type-page","status-publish","hentry"],"_links":{"self":[{"href":"https:\/\/www.flautomagicocermenate.it\/index.php?rest_route=\/wp\/v2\/pages\/478","targetHints":{"allow":["GET"]}}],"collection":[{"href":"https:\/\/www.flautomagicocermenate.it\/index.php?rest_route=\/wp\/v2\/pages"}],"about":[{"href":"https:\/\/www.flautomagicocermenate.it\/index.php?rest_route=\/wp\/v2\/types\/page"}],"author":[{"embeddable":true,"href":"https:\/\/www.flautomagicocermenate.it\/index.php?rest_route=\/wp\/v2\/users\/1"}],"replies":[{"embeddable":true,"href":"https:\/\/www.flautomagicocermenate.it\/index.php?rest_route=%2Fwp%2Fv2%2Fcomments&post=478"}],"version-history":[{"count":30,"href":"https:\/\/www.flautomagicocermenate.it\/index.php?rest_route=\/wp\/v2\/pages\/478\/revisions"}],"predecessor-version":[{"id":855,"href":"https:\/\/www.flautomagicocermenate.it\/index.php?rest_route=\/wp\/v2\/pages\/478\/revisions\/855"}],"wp:attachment":[{"href":"https:\/\/www.flautomagicocermenate.it\/index.php?rest_route=%2Fwp%2Fv2%2Fmedia&parent=478"}],"curies":[{"name":"wp","href":"https:\/\/api.w.org\/{rel}","templated":true}]}}